{"id":4190,"date":"2024-11-08T09:08:39","date_gmt":"2024-11-08T09:08:39","guid":{"rendered":"https:\/\/distech-group.com\/de\/?page_id=4190"},"modified":"2024-11-11T06:59:02","modified_gmt":"2024-11-11T06:59:02","slug":"einzelteil","status":"publish","type":"page","link":"https:\/\/distech-group.com\/de\/einzelteil\/","title":{"rendered":"Einzelteil"},"content":{"rendered":"\t\t<div data-elementor-type=\"wp-page\" data-elementor-id=\"4190\" class=\"elementor elementor-4190\" data-elementor-post-type=\"page\">\n\t\t\t\t<div class=\"elementor-element elementor-element-3007f6e e-flex e-con-boxed elementor-invisible e-con e-parent\" data-id=\"3007f6e\" data-element_type=\"container\" data-settings=\"{&quot;animation&quot;:&quot;fadeInDown&quot;,&quot;_ha_eqh_enable&quot;:false}\">\n\t\t\t\t\t<div class=\"e-con-inner\">\n\t\t\t\t<div class=\"elementor-element elementor-element-d66e124 elementor-widget elementor-widget-elementskit-heading\" data-id=\"d66e124\" data-element_type=\"widget\" data-widget_type=\"elementskit-heading.default\">\n\t\t\t\t<div class=\"elementor-widget-container\">\n\t\t\t<div class=\"ekit-wid-con\" ><div class=\"ekit-heading elementskit-section-title-wraper center   ekit_heading_tablet-   ekit_heading_mobile-\">\t\t\t\t<span class='ekit-heading__shadow-text'>\n\t\t\t\t\teinzelteil\t\t\t\t<\/span>\n\t\t\t<h3 class=\"ekit-heading--title elementskit-section-title \">Effizienz, Schnelligkeit, Pr\u00e4zision!<\/h3><div class=\"ekit_heading_separetor_wraper ekit_heading_elementskit-border-divider ekit-dotted\"><div class=\"elementskit-border-divider ekit-dotted\"><\/div><\/div>\t\t\t\t<div class='ekit-heading__description'>\n\t\t\t\t\t<p>Einzelst\u00fccke und Unikate? F\u00fcr viele eine gro\u00dfe Herausforderung \u2013 f\u00fcr uns eine Leidenschaft. Mit unserer jahrelangen Erfahrung und unserem Know-how stehen wir Ihnen als starker Partner zur Seite, der Ihre individuellen W\u00fcnsche bis ins kleinste Detail umsetzt.<\/p>\n\t\t\t\t<\/div>\n\t\t\t<\/div><\/div>\t\t<\/div>\n\t\t\t\t<\/div>\n\t\t\t\t\t<\/div>\n\t\t\t\t<\/div>\n\t\t<div class=\"elementor-element elementor-element-b907bfe e-grid e-con-full e-con e-parent\" data-id=\"b907bfe\" data-element_type=\"container\" data-settings=\"{&quot;background_background&quot;:&quot;classic&quot;,&quot;_ha_eqh_enable&quot;:false}\">\n\t\t\t\t<div class=\"elementor-element elementor-element-e64ee55 ha-has-bg-overlay elementor-invisible elementor-widget elementor-widget-image\" data-id=\"e64ee55\" data-element_type=\"widget\" data-settings=\"{&quot;_animation&quot;:&quot;fadeIn&quot;}\" data-widget_type=\"image.default\">\n\t\t\t\t<div class=\"elementor-widget-container\">\n\t\t\t<style>\/*! elementor - v3.23.0 - 25-07-2024 *\/\n.elementor-widget-image{text-align:center}.elementor-widget-image a{display:inline-block}.elementor-widget-image a img[src$=\".svg\"]{width:48px}.elementor-widget-image img{vertical-align:middle;display:inline-block}<\/style>\t\t\t\t\t\t\t\t\t\t<img fetchpriority=\"high\" decoding=\"async\" width=\"2560\" height=\"1228\" src=\"https:\/\/distech-group.com\/de\/wp-content\/uploads\/2024\/07\/ow-8317-scaled-e1731061081562.jpg\" class=\"attachment-full size-full wp-image-2984\" alt=\"\" srcset=\"https:\/\/distech-group.com\/de\/wp-content\/uploads\/2024\/07\/ow-8317-scaled-e1731061081562.jpg 2560w, https:\/\/distech-group.com\/de\/wp-content\/uploads\/2024\/07\/ow-8317-scaled-e1731061081562-300x144.jpg 300w, https:\/\/distech-group.com\/de\/wp-content\/uploads\/2024\/07\/ow-8317-scaled-e1731061081562-1024x491.jpg 1024w, https:\/\/distech-group.com\/de\/wp-content\/uploads\/2024\/07\/ow-8317-scaled-e1731061081562-768x368.jpg 768w, https:\/\/distech-group.com\/de\/wp-content\/uploads\/2024\/07\/ow-8317-scaled-e1731061081562-1536x737.jpg 1536w, https:\/\/distech-group.com\/de\/wp-content\/uploads\/2024\/07\/ow-8317-scaled-e1731061081562-2048x982.jpg 2048w\" sizes=\"(max-width: 2560px) 100vw, 2560px\" \/>\t\t\t\t\t\t\t\t\t\t\t\t\t<\/div>\n\t\t\t\t<\/div>\n\t\t<div class=\"elementor-element elementor-element-9ab8f93 e-flex e-con-boxed elementor-invisible e-con e-child\" data-id=\"9ab8f93\" data-element_type=\"container\" data-settings=\"{&quot;background_background&quot;:&quot;classic&quot;,&quot;animation&quot;:&quot;fadeIn&quot;}\">\n\t\t\t\t\t<div class=\"e-con-inner\">\n\t\t\t\t<div class=\"elementor-element elementor-element-b66fb3f elementor-widget elementor-widget-spacer\" data-id=\"b66fb3f\" data-element_type=\"widget\" data-widget_type=\"spacer.default\">\n\t\t\t\t<div class=\"elementor-widget-container\">\n\t\t\t<style>\/*! elementor - v3.23.0 - 25-07-2024 *\/\n.elementor-column .elementor-spacer-inner{height:var(--spacer-size)}.e-con{--container-widget-width:100%}.e-con-inner>.elementor-widget-spacer,.e-con>.elementor-widget-spacer{width:var(--container-widget-width,var(--spacer-size));--align-self:var(--container-widget-align-self,initial);--flex-shrink:0}.e-con-inner>.elementor-widget-spacer>.elementor-widget-container,.e-con>.elementor-widget-spacer>.elementor-widget-container{height:100%;width:100%}.e-con-inner>.elementor-widget-spacer>.elementor-widget-container>.elementor-spacer,.e-con>.elementor-widget-spacer>.elementor-widget-container>.elementor-spacer{height:100%}.e-con-inner>.elementor-widget-spacer>.elementor-widget-container>.elementor-spacer>.elementor-spacer-inner,.e-con>.elementor-widget-spacer>.elementor-widget-container>.elementor-spacer>.elementor-spacer-inner{height:var(--container-widget-height,var(--spacer-size))}.e-con-inner>.elementor-widget-spacer.elementor-widget-empty,.e-con>.elementor-widget-spacer.elementor-widget-empty{position:relative;min-height:22px;min-width:22px}.e-con-inner>.elementor-widget-spacer.elementor-widget-empty .elementor-widget-empty-icon,.e-con>.elementor-widget-spacer.elementor-widget-empty .elementor-widget-empty-icon{position:absolute;top:0;bottom:0;left:0;right:0;margin:auto;padding:0;width:22px;height:22px}<\/style>\t\t<div class=\"elementor-spacer\">\n\t\t\t<div class=\"elementor-spacer-inner\"><\/div>\n\t\t<\/div>\n\t\t\t\t<\/div>\n\t\t\t\t<\/div>\n\t\t\t\t<div class=\"elementor-element elementor-element-eff18ef ha-has-bg-overlay elementor-invisible elementor-widget elementor-widget-heading\" data-id=\"eff18ef\" data-element_type=\"widget\" data-settings=\"{&quot;_animation&quot;:&quot;fadeIn&quot;,&quot;_animation_delay&quot;:150}\" data-widget_type=\"heading.default\">\n\t\t\t\t<div class=\"elementor-widget-container\">\n\t\t\t<style>\/*! elementor - v3.23.0 - 25-07-2024 *\/\n.elementor-heading-title{padding:0;margin:0;line-height:1}.elementor-widget-heading .elementor-heading-title[class*=elementor-size-]>a{color:inherit;font-size:inherit;line-height:inherit}.elementor-widget-heading .elementor-heading-title.elementor-size-small{font-size:15px}.elementor-widget-heading .elementor-heading-title.elementor-size-medium{font-size:19px}.elementor-widget-heading .elementor-heading-title.elementor-size-large{font-size:29px}.elementor-widget-heading .elementor-heading-title.elementor-size-xl{font-size:39px}.elementor-widget-heading .elementor-heading-title.elementor-size-xxl{font-size:59px}<\/style><h2 class=\"elementor-heading-title elementor-size-default\">Ein zuverl\u00e4ssiger Partner<\/h2>\t\t<\/div>\n\t\t\t\t<\/div>\n\t\t\t\t<div class=\"elementor-element elementor-element-55c6b08 elementor-widget elementor-widget-spacer\" data-id=\"55c6b08\" data-element_type=\"widget\" data-widget_type=\"spacer.default\">\n\t\t\t\t<div class=\"elementor-widget-container\">\n\t\t\t\t\t<div class=\"elementor-spacer\">\n\t\t\t<div class=\"elementor-spacer-inner\"><\/div>\n\t\t<\/div>\n\t\t\t\t<\/div>\n\t\t\t\t<\/div>\n\t\t\t\t<div class=\"elementor-element elementor-element-781242d elementor-invisible elementor-widget elementor-widget-text-editor\" data-id=\"781242d\" data-element_type=\"widget\" data-settings=\"{&quot;_animation&quot;:&quot;fadeIn&quot;,&quot;_animation_delay&quot;:200}\" data-widget_type=\"text-editor.default\">\n\t\t\t\t<div class=\"elementor-widget-container\">\n\t\t\t<style>\/*! elementor - v3.23.0 - 25-07-2024 *\/\n.elementor-widget-text-editor.elementor-drop-cap-view-stacked .elementor-drop-cap{background-color:#69727d;color:#fff}.elementor-widget-text-editor.elementor-drop-cap-view-framed .elementor-drop-cap{color:#69727d;border:3px solid;background-color:transparent}.elementor-widget-text-editor:not(.elementor-drop-cap-view-default) .elementor-drop-cap{margin-top:8px}.elementor-widget-text-editor:not(.elementor-drop-cap-view-default) .elementor-drop-cap-letter{width:1em;height:1em}.elementor-widget-text-editor .elementor-drop-cap{float:left;text-align:center;line-height:1;font-size:50px}.elementor-widget-text-editor .elementor-drop-cap-letter{display:inline-block}<\/style>\t\t\t\t<div class=\"flex-shrink-0 flex flex-col relative items-end\"><div><div class=\"pt-0\"><div class=\"gizmo-bot-avatar flex h-8 w-8 items-center justify-center overflow-hidden rounded-full\"><div class=\"relative p-1 rounded-sm flex items-center justify-center bg-token-main-surface-primary text-token-text-primary h-8 w-8\"><span style=\"font-size: 16px;\">Zeit ist h\u00e4ufig der entscheidende Faktor, wenn es um die Fertigung von Einzelteilen und Unikaten geht \u2013 wir wissen, dass oft jeder Tag z\u00e4hlt.<\/span><\/div><\/div><\/div><\/div><\/div><div class=\"group\/conversation-turn relative flex w-full min-w-0 flex-col agent-turn\"><div class=\"flex-col gap-1 md:gap-3\"><div class=\"flex max-w-full flex-col flex-grow\"><div class=\"min-h-8 text-message flex w-full flex-col items-end gap-2 whitespace-normal break-words [.text-message+&amp;]:mt-5\" dir=\"auto\" data-message-author-role=\"assistant\" data-message-id=\"893a7fe1-9a94-4c36-9611-2e0f53c0a2cb\" data-message-model-slug=\"gpt-4o\"><div class=\"flex w-full flex-col gap-1 empty:hidden first:pt-[3px]\"><div class=\"markdown prose w-full break-words dark:prose-invert dark\"><p>Dank unseres erfahrenen und hochqualifizierten Teams k\u00f6nnen Sie sich darauf verlassen, dass Ihr Produkt nicht nur fristgerecht, sondern auch in h\u00f6chster Qualit\u00e4t umgesetzt wird. Wir legen gr\u00f6\u00dften Wert auf Pr\u00e4zision und Sorgfalt in jedem Produktionsschritt und stellen sicher, dass keine Kompromisse bei der Verarbeitung eingegangen werden.<\/p><p>Mit uns gewinnen Sie einen Partner, der Ihre Zeit respektiert und dabei h\u00f6chste Standards einh\u00e4lt.<\/p><\/div><\/div><\/div><\/div><\/div><\/div>\t\t\t\t\t\t<\/div>\n\t\t\t\t<\/div>\n\t\t<div class=\"elementor-element elementor-element-e889146 e-con-full e-flex elementor-invisible e-con e-child\" data-id=\"e889146\" data-element_type=\"container\" data-settings=\"{&quot;animation&quot;:&quot;fadeInLeft&quot;,&quot;animation_delay&quot;:250,&quot;_ha_eqh_enable&quot;:false}\">\n\t\t\t\t<div class=\"elementor-element elementor-element-6088111 elementor-view-default elementor-widget elementor-widget-icon\" data-id=\"6088111\" data-element_type=\"widget\" data-widget_type=\"icon.default\">\n\t\t\t\t<div class=\"elementor-widget-container\">\n\t\t\t\t\t<div class=\"elementor-icon-wrapper\">\n\t\t\t<div class=\"elementor-icon\">\n\t\t\t<svg aria-hidden=\"true\" class=\"e-font-icon-svg e-fas-quote-left\" viewBox=\"0 0 512 512\" xmlns=\"http:\/\/www.w3.org\/2000\/svg\"><path d=\"M464 256h-80v-64c0-35.3 28.7-64 64-64h8c13.3 0 24-10.7 24-24V56c0-13.3-10.7-24-24-24h-8c-88.4 0-160 71.6-160 160v240c0 26.5 21.5 48 48 48h128c26.5 0 48-21.5 48-48V304c0-26.5-21.5-48-48-48zm-288 0H96v-64c0-35.3 28.7-64 64-64h8c13.3 0 24-10.7 24-24V56c0-13.3-10.7-24-24-24h-8C71.6 32 0 103.6 0 192v240c0 26.5 21.5 48 48 48h128c26.5 0 48-21.5 48-48V304c0-26.5-21.5-48-48-48z\"><\/path><\/svg>\t\t\t<\/div>\n\t\t<\/div>\n\t\t\t\t<\/div>\n\t\t\t\t<\/div>\n\t\t\t\t<div class=\"elementor-element elementor-element-b57e967 elementor-widget elementor-widget-text-editor\" data-id=\"b57e967\" data-element_type=\"widget\" data-widget_type=\"text-editor.default\">\n\t\t\t\t<div class=\"elementor-widget-container\">\n\t\t\t\t\t\t\t<p><span style=\"color: #000000;\">UNIQUE PIECES CRAFTED TO PERFECTION<\/span><\/p>\t\t\t\t\t\t<\/div>\n\t\t\t\t<\/div>\n\t\t\t\t<div class=\"elementor-element elementor-element-fb5a005 elementor-view-default elementor-widget elementor-widget-icon\" data-id=\"fb5a005\" data-element_type=\"widget\" data-widget_type=\"icon.default\">\n\t\t\t\t<div class=\"elementor-widget-container\">\n\t\t\t\t\t<div class=\"elementor-icon-wrapper\">\n\t\t\t<div class=\"elementor-icon\">\n\t\t\t<svg aria-hidden=\"true\" class=\"e-font-icon-svg e-fas-quote-right\" viewBox=\"0 0 512 512\" xmlns=\"http:\/\/www.w3.org\/2000\/svg\"><path d=\"M464 32H336c-26.5 0-48 21.5-48 48v128c0 26.5 21.5 48 48 48h80v64c0 35.3-28.7 64-64 64h-8c-13.3 0-24 10.7-24 24v48c0 13.3 10.7 24 24 24h8c88.4 0 160-71.6 160-160V80c0-26.5-21.5-48-48-48zm-288 0H48C21.5 32 0 53.5 0 80v128c0 26.5 21.5 48 48 48h80v64c0 35.3-28.7 64-64 64h-8c-13.3 0-24 10.7-24 24v48c0 13.3 10.7 24 24 24h8c88.4 0 160-71.6 160-160V80c0-26.5-21.5-48-48-48z\"><\/path><\/svg>\t\t\t<\/div>\n\t\t<\/div>\n\t\t\t\t<\/div>\n\t\t\t\t<\/div>\n\t\t\t\t<\/div>\n\t\t\t\t\t<\/div>\n\t\t\t\t<\/div>\n\t\t\t\t<div class=\"elementor-element elementor-element-29f81a6 elementor-widget elementor-widget-spacer\" data-id=\"29f81a6\" data-element_type=\"widget\" data-widget_type=\"spacer.default\">\n\t\t\t\t<div class=\"elementor-widget-container\">\n\t\t\t\t\t<div class=\"elementor-spacer\">\n\t\t\t<div class=\"elementor-spacer-inner\"><\/div>\n\t\t<\/div>\n\t\t\t\t<\/div>\n\t\t\t\t<\/div>\n\t\t\t\t<\/div>\n\t\t\t\t<\/div>\n\t\t","protected":false},"excerpt":{"rendered":"<p>einzelteil Effizienz, Schnelligkeit, Pr\u00e4zision! Einzelst\u00fccke und Unikate? F\u00fcr viele eine gro\u00dfe Herausforderung \u2013 f\u00fcr uns eine Leidenschaft. Mit unserer jahrelangen Erfahrung und unserem Know-how stehen wir Ihnen als starker Partner zur Seite, der Ihre individuellen W\u00fcnsche bis ins kleinste Detail umsetzt. Ein zuverl\u00e4ssiger Partner Zeit ist h\u00e4ufig der entscheidende Faktor, wenn es um die Fertigung [&hellip;]<\/p>\n","protected":false},"author":1,"featured_media":0,"parent":0,"menu_order":60,"comment_status":"closed","ping_status":"closed","template":"","meta":{"_uag_custom_page_level_css":"","site-sidebar-layout":"no-sidebar","site-content-layout":"page-builder","ast-site-content-layout":"full-width-container","site-content-style":"default","site-sidebar-style":"default","ast-global-header-display":"","ast-banner-title-visibility":"","ast-main-header-display":"","ast-hfb-above-header-display":"","ast-hfb-below-header-display":"","ast-hfb-mobile-header-display":"","site-post-title":"disabled","ast-breadcrumbs-content":"","ast-featured-img":"disabled","footer-sml-layout":"","theme-transparent-header-meta":"","adv-header-id-meta":"","stick-header-meta":"","header-above-stick-meta":"","header-main-stick-meta":"","header-below-stick-meta":"","astra-migrate-meta-layouts":"set","ast-page-background-enabled":"default","ast-page-background-meta":{"desktop":{"background-color":"var(--ast-global-color-4)","background-image":"","background-repeat":"repeat","background-position":"center center","background-size":"auto","background-attachment":"scroll","background-type":"","background-media":"","overlay-type":"","overlay-color":"","overlay-gradient":""},"tablet":{"background-color":"","background-image":"","background-repeat":"repeat","background-position":"center center","background-size":"auto","background-attachment":"scroll","background-type":"","background-media":"","overlay-type":"","overlay-color":"","overlay-gradient":""},"mobile":{"background-color":"","background-image":"","background-repeat":"repeat","background-position":"center center","background-size":"auto","background-attachment":"scroll","background-type":"","background-media":"","overlay-type":"","overlay-color":"","overlay-gradient":""}},"ast-content-background-meta":{"desktop":{"background-color":"var(--ast-global-color-5)","background-image":"","background-repeat":"repeat","background-position":"center center","background-size":"auto","background-attachment":"scroll","background-type":"","background-media":"","overlay-type":"","overlay-color":"","overlay-gradient":""},"tablet":{"background-color":"var(--ast-global-color-5)","background-image":"","background-repeat":"repeat","background-position":"center center","background-size":"auto","background-attachment":"scroll","background-type":"","background-media":"","overlay-type":"","overlay-color":"","overlay-gradient":""},"mobile":{"background-color":"var(--ast-global-color-5)","background-image":"","background-repeat":"repeat","background-position":"center center","background-size":"auto","background-attachment":"scroll","background-type":"","background-media":"","overlay-type":"","overlay-color":"","overlay-gradient":""}},"footnotes":""},"class_list":["post-4190","page","type-page","status-publish","hentry"],"yoast_head":"<!-- This site is optimized with the Yoast SEO plugin v23.1 - https:\/\/yoast.com\/wordpress\/plugins\/seo\/ -->\n<title>Einzelteil - DISTech-Group<\/title>\n<meta name=\"robots\" content=\"index, follow, max-snippet:-1, max-image-preview:large, max-video-preview:-1\" \/>\n<link rel=\"canonical\" href=\"https:\/\/distech-group.com\/de\/einzelteil\/\" \/>\n<meta property=\"og:locale\" content=\"de_DE\" \/>\n<meta property=\"og:type\" content=\"article\" \/>\n<meta property=\"og:title\" content=\"Einzelteil - DISTech-Group\" \/>\n<meta property=\"og:description\" content=\"einzelteil Effizienz, Schnelligkeit, Pr\u00e4zision! Einzelst\u00fccke und Unikate? F\u00fcr viele eine gro\u00dfe Herausforderung \u2013 f\u00fcr uns eine Leidenschaft. Mit unserer jahrelangen Erfahrung und unserem Know-how stehen wir Ihnen als starker Partner zur Seite, der Ihre individuellen W\u00fcnsche bis ins kleinste Detail umsetzt. Ein zuverl\u00e4ssiger Partner Zeit ist h\u00e4ufig der entscheidende Faktor, wenn es um die Fertigung [&hellip;]\" \/>\n<meta property=\"og:url\" content=\"https:\/\/distech-group.com\/de\/einzelteil\/\" \/>\n<meta property=\"og:site_name\" content=\"DISTech-Group\" \/>\n<meta property=\"article:publisher\" content=\"https:\/\/www.facebook.com\/DISTechGroup\/\" \/>\n<meta property=\"article:modified_time\" content=\"2024-11-11T06:59:02+00:00\" \/>\n<meta property=\"og:image\" content=\"http:\/\/distech-group.com\/de\/wp-content\/uploads\/2024\/07\/ow-8317-scaled-e1731061081562.jpg\" \/>\n<meta name=\"twitter:card\" content=\"summary_large_image\" \/>\n<meta name=\"twitter:label1\" content=\"Gesch\u00e4tzte Lesezeit\" \/>\n\t<meta name=\"twitter:data1\" content=\"1\u00a0Minute\" \/>\n<script type=\"application\/ld+json\" class=\"yoast-schema-graph\">{\"@context\":\"https:\/\/schema.org\",\"@graph\":[{\"@type\":\"WebPage\",\"@id\":\"https:\/\/distech-group.com\/de\/einzelteil\/\",\"url\":\"https:\/\/distech-group.com\/de\/einzelteil\/\",\"name\":\"Einzelteil - DISTech-Group\",\"isPartOf\":{\"@id\":\"https:\/\/distech-group.com\/de\/#website\"},\"primaryImageOfPage\":{\"@id\":\"https:\/\/distech-group.com\/de\/einzelteil\/#primaryimage\"},\"image\":{\"@id\":\"https:\/\/distech-group.com\/de\/einzelteil\/#primaryimage\"},\"thumbnailUrl\":\"http:\/\/distech-group.com\/de\/wp-content\/uploads\/2024\/07\/ow-8317-scaled-e1731061081562.jpg\",\"datePublished\":\"2024-11-08T09:08:39+00:00\",\"dateModified\":\"2024-11-11T06:59:02+00:00\",\"breadcrumb\":{\"@id\":\"https:\/\/distech-group.com\/de\/einzelteil\/#breadcrumb\"},\"inLanguage\":\"de\",\"potentialAction\":[{\"@type\":\"ReadAction\",\"target\":[\"https:\/\/distech-group.com\/de\/einzelteil\/\"]}]},{\"@type\":\"ImageObject\",\"inLanguage\":\"de\",\"@id\":\"https:\/\/distech-group.com\/de\/einzelteil\/#primaryimage\",\"url\":\"https:\/\/distech-group.com\/de\/wp-content\/uploads\/2024\/07\/ow-8317-scaled-e1731061081562.jpg\",\"contentUrl\":\"https:\/\/distech-group.com\/de\/wp-content\/uploads\/2024\/07\/ow-8317-scaled-e1731061081562.jpg\",\"width\":2560,\"height\":1228},{\"@type\":\"BreadcrumbList\",\"@id\":\"https:\/\/distech-group.com\/de\/einzelteil\/#breadcrumb\",\"itemListElement\":[{\"@type\":\"ListItem\",\"position\":1,\"name\":\"Startseite\",\"item\":\"https:\/\/distech-group.com\/de\/\"},{\"@type\":\"ListItem\",\"position\":2,\"name\":\"Einzelteil\"}]},{\"@type\":\"WebSite\",\"@id\":\"https:\/\/distech-group.com\/de\/#website\",\"url\":\"https:\/\/distech-group.com\/de\/\",\"name\":\"DISTech-Group\",\"description\":\"\",\"publisher\":{\"@id\":\"https:\/\/distech-group.com\/de\/#organization\"},\"potentialAction\":[{\"@type\":\"SearchAction\",\"target\":{\"@type\":\"EntryPoint\",\"urlTemplate\":\"https:\/\/distech-group.com\/de\/?s={search_term_string}\"},\"query-input\":\"required name=search_term_string\"}],\"inLanguage\":\"de\"},{\"@type\":\"Organization\",\"@id\":\"https:\/\/distech-group.com\/de\/#organization\",\"name\":\"DISTech-Group\",\"url\":\"https:\/\/distech-group.com\/de\/\",\"logo\":{\"@type\":\"ImageObject\",\"inLanguage\":\"de\",\"@id\":\"https:\/\/distech-group.com\/de\/#\/schema\/logo\/image\/\",\"url\":\"https:\/\/distech-group.com\/de\/wp-content\/uploads\/2024\/05\/DISTech-Logo_Gross-scaled.jpg\",\"contentUrl\":\"https:\/\/distech-group.com\/de\/wp-content\/uploads\/2024\/05\/DISTech-Logo_Gross-scaled.jpg\",\"width\":2560,\"height\":944,\"caption\":\"DISTech-Group\"},\"image\":{\"@id\":\"https:\/\/distech-group.com\/de\/#\/schema\/logo\/image\/\"},\"sameAs\":[\"https:\/\/www.facebook.com\/DISTechGroup\/\",\"https:\/\/at.linkedin.com\/company\/distech-disruptive-technologies-gmbh\",\"https:\/\/www.instagram.com\/distech_gmbh\/\"]}]}<\/script>\n<!-- \/ Yoast SEO plugin. -->","yoast_head_json":{"title":"Einzelteil - DISTech-Group","robots":{"index":"index","follow":"follow","max-snippet":"max-snippet:-1","max-image-preview":"max-image-preview:large","max-video-preview":"max-video-preview:-1"},"canonical":"https:\/\/distech-group.com\/de\/einzelteil\/","og_locale":"de_DE","og_type":"article","og_title":"Einzelteil - DISTech-Group","og_description":"einzelteil Effizienz, Schnelligkeit, Pr\u00e4zision! Einzelst\u00fccke und Unikate? F\u00fcr viele eine gro\u00dfe Herausforderung \u2013 f\u00fcr uns eine Leidenschaft. Mit unserer jahrelangen Erfahrung und unserem Know-how stehen wir Ihnen als starker Partner zur Seite, der Ihre individuellen W\u00fcnsche bis ins kleinste Detail umsetzt. Ein zuverl\u00e4ssiger Partner Zeit ist h\u00e4ufig der entscheidende Faktor, wenn es um die Fertigung [&hellip;]","og_url":"https:\/\/distech-group.com\/de\/einzelteil\/","og_site_name":"DISTech-Group","article_publisher":"https:\/\/www.facebook.com\/DISTechGroup\/","article_modified_time":"2024-11-11T06:59:02+00:00","og_image":[{"url":"http:\/\/distech-group.com\/de\/wp-content\/uploads\/2024\/07\/ow-8317-scaled-e1731061081562.jpg"}],"twitter_card":"summary_large_image","twitter_misc":{"Gesch\u00e4tzte Lesezeit":"1\u00a0Minute"},"schema":{"@context":"https:\/\/schema.org","@graph":[{"@type":"WebPage","@id":"https:\/\/distech-group.com\/de\/einzelteil\/","url":"https:\/\/distech-group.com\/de\/einzelteil\/","name":"Einzelteil - DISTech-Group","isPartOf":{"@id":"https:\/\/distech-group.com\/de\/#website"},"primaryImageOfPage":{"@id":"https:\/\/distech-group.com\/de\/einzelteil\/#primaryimage"},"image":{"@id":"https:\/\/distech-group.com\/de\/einzelteil\/#primaryimage"},"thumbnailUrl":"http:\/\/distech-group.com\/de\/wp-content\/uploads\/2024\/07\/ow-8317-scaled-e1731061081562.jpg","datePublished":"2024-11-08T09:08:39+00:00","dateModified":"2024-11-11T06:59:02+00:00","breadcrumb":{"@id":"https:\/\/distech-group.com\/de\/einzelteil\/#breadcrumb"},"inLanguage":"de","potentialAction":[{"@type":"ReadAction","target":["https:\/\/distech-group.com\/de\/einzelteil\/"]}]},{"@type":"ImageObject","inLanguage":"de","@id":"https:\/\/distech-group.com\/de\/einzelteil\/#primaryimage","url":"https:\/\/distech-group.com\/de\/wp-content\/uploads\/2024\/07\/ow-8317-scaled-e1731061081562.jpg","contentUrl":"https:\/\/distech-group.com\/de\/wp-content\/uploads\/2024\/07\/ow-8317-scaled-e1731061081562.jpg","width":2560,"height":1228},{"@type":"BreadcrumbList","@id":"https:\/\/distech-group.com\/de\/einzelteil\/#breadcrumb","itemListElement":[{"@type":"ListItem","position":1,"name":"Startseite","item":"https:\/\/distech-group.com\/de\/"},{"@type":"ListItem","position":2,"name":"Einzelteil"}]},{"@type":"WebSite","@id":"https:\/\/distech-group.com\/de\/#website","url":"https:\/\/distech-group.com\/de\/","name":"DISTech-Group","description":"","publisher":{"@id":"https:\/\/distech-group.com\/de\/#organization"},"potentialAction":[{"@type":"SearchAction","target":{"@type":"EntryPoint","urlTemplate":"https:\/\/distech-group.com\/de\/?s={search_term_string}"},"query-input":"required name=search_term_string"}],"inLanguage":"de"},{"@type":"Organization","@id":"https:\/\/distech-group.com\/de\/#organization","name":"DISTech-Group","url":"https:\/\/distech-group.com\/de\/","logo":{"@type":"ImageObject","inLanguage":"de","@id":"https:\/\/distech-group.com\/de\/#\/schema\/logo\/image\/","url":"https:\/\/distech-group.com\/de\/wp-content\/uploads\/2024\/05\/DISTech-Logo_Gross-scaled.jpg","contentUrl":"https:\/\/distech-group.com\/de\/wp-content\/uploads\/2024\/05\/DISTech-Logo_Gross-scaled.jpg","width":2560,"height":944,"caption":"DISTech-Group"},"image":{"@id":"https:\/\/distech-group.com\/de\/#\/schema\/logo\/image\/"},"sameAs":["https:\/\/www.facebook.com\/DISTechGroup\/","https:\/\/at.linkedin.com\/company\/distech-disruptive-technologies-gmbh","https:\/\/www.instagram.com\/distech_gmbh\/"]}]}},"uagb_featured_image_src":{"full":false,"thumbnail":false,"medium":false,"medium_large":false,"large":false,"1536x1536":false,"2048x2048":false},"uagb_author_info":{"display_name":"faschingbauer","author_link":"https:\/\/distech-group.com\/de\/author\/faschingbauer\/"},"uagb_comment_info":0,"uagb_excerpt":"einzelteil Effizienz, Schnelligkeit, Pr\u00e4zision! Einzelst\u00fccke und Unikate? F\u00fcr viele eine gro\u00dfe Herausforderung \u2013 f\u00fcr uns eine Leidenschaft. Mit unserer jahrelangen Erfahrung und unserem Know-how stehen wir Ihnen als starker Partner zur Seite, der Ihre individuellen W\u00fcnsche bis ins kleinste Detail umsetzt. Ein zuverl\u00e4ssiger Partner Zeit ist h\u00e4ufig der entscheidende Faktor, wenn es um die Fertigung&hellip;","_links":{"self":[{"href":"https:\/\/distech-group.com\/de\/wp-json\/wp\/v2\/pages\/4190","targetHints":{"allow":["GET"]}}],"collection":[{"href":"https:\/\/distech-group.com\/de\/wp-json\/wp\/v2\/pages"}],"about":[{"href":"https:\/\/distech-group.com\/de\/wp-json\/wp\/v2\/types\/page"}],"author":[{"embeddable":true,"href":"https:\/\/distech-group.com\/de\/wp-json\/wp\/v2\/users\/1"}],"replies":[{"embeddable":true,"href":"https:\/\/distech-group.com\/de\/wp-json\/wp\/v2\/comments?post=4190"}],"version-history":[{"count":100,"href":"https:\/\/distech-group.com\/de\/wp-json\/wp\/v2\/pages\/4190\/revisions"}],"predecessor-version":[{"id":4334,"href":"https:\/\/distech-group.com\/de\/wp-json\/wp\/v2\/pages\/4190\/revisions\/4334"}],"wp:attachment":[{"href":"https:\/\/distech-group.com\/de\/wp-json\/wp\/v2\/media?parent=4190"}],"curies":[{"name":"wp","href":"https:\/\/api.w.org\/{rel}","templated":true}]}}